{"id":141,"date":"2020-05-19T17:35:47","date_gmt":"2020-05-19T15:35:47","guid":{"rendered":"http:\/\/s2-montbrison.com\/?page_id=141"},"modified":"2020-05-19T17:35:48","modified_gmt":"2020-05-19T15:35:48","slug":"mentions-legales","status":"publish","type":"page","link":"https:\/\/s2-montbrison.com\/?page_id=141","title":{"rendered":"Mentions l\u00e9gales"},"content":{"rendered":"\n<h1>Mentions l\u00e9gales<\/h1>\n\n\n\n<h5>1. Exploitant du site<\/h5>\n\n\n\n<p>Le site internet https:\/\/www.s2-montbrison.com est exploit\u00e9 par SAS FREQUENCE France.<br>SAS FREQUENCE est une soci\u00e9t\u00e9 constitu\u00e9e sous la forme d\u2019une soci\u00e9t\u00e9 anonyme par actions simplifi\u00e9s au capital de 238.380 euros.<br>SAS FREQUENCE est enregistr\u00e9e au registre du commerce et des soci\u00e9t\u00e9s de Saint Etienne sous le num\u00e9ro 423 538 172.<br>SAS FREQUENCE est assujettie \u00e0 la taxe sur la valeur ajout\u00e9e sous le num\u00e9ro d\u2019identification FR 82423538172<br>Son si\u00e8ge social est situ\u00e9 \u00e0 Montbrison (42600) Secteur Cial des Granges \u2013 8 All\u00e9e Jean 1er du Forez. T\u00e9l\u00e9phone : 04 77 96 36 63 e-mail : contact@s2-montbrison.com<\/p>\n\n\n\n<h5>2. Direction du site<\/h5>\n\n\n\n<p>Directeur de la publication : Romain COTTIER<\/p>\n\n\n\n<h5>3. H\u00e9bergement<\/h5>\n\n\n\n<p>Le site internet https:\/\/www.s2-montbrison.com est h\u00e9berg\u00e9 par la soci\u00e9t\u00e9 OVH, 2 rue Kellermann 59100 Roubaix, +33 9 72 10 10 07.<\/p>\n\n\n\n<p>Donn\u00e9es personnelles : Conform\u00e9ment \u00e0 la loi Informatique et Libert\u00e9 du 06\/01\/1978, vous disposez d\u2019un droit d\u2019acc\u00e8s, de rectification et d\u2019opposition aux informations personnelles vous concernant, que vous pouvez exercer en \u00e9crivant \u00e0 : FREQUENCE SAS \u2013 8 All\u00e9e Jean 1er du Forez \u2013 42600 Montbrison en joignant un justificatif d\u2019identit\u00e9.<\/p>\n\n\n\n<p>Ce site et son contenu sont prot\u00e9g\u00e9s par le droit d\u2019auteur et les droits de propri\u00e9t\u00e9 intellectuelle. Certains \u00e9l\u00e9ments qui apparaissent sur ce site (et notamment les marques, dessins et logos) sont prot\u00e9g\u00e9s par des droits de propri\u00e9t\u00e9 intellectuelle.<\/p>\n","protected":false},"excerpt":{"rendered":"<p>Mentions l\u00e9gales 1. Exploitant du site Le site internet https:\/\/www.s2-montbrison.com est exploit\u00e9 par SAS FREQUENCE France.SAS FREQUENCE est une soci\u00e9t\u00e9 constitu\u00e9e sous la forme d\u2019une soci\u00e9t\u00e9 anonyme par actions simplifi\u00e9s au capital de 238.380 euros.SAS FREQUENCE est enregistr\u00e9e au registre du commerce et des soci\u00e9t\u00e9s de Saint Etienne sous le num\u00e9ro 423 538 172.SAS FREQUENCE [&hellip;]<\/p>\n","protected":false},"author":1,"featured_media":0,"parent":0,"menu_order":0,"comment_status":"closed","ping_status":"closed","template":"","meta":[],"publishpress_future_action":{"enabled":false,"date":"2026-05-01 16:41:55","action":"draft","terms":[],"taxonomy":""},"_links":{"self":[{"href":"https:\/\/s2-montbrison.com\/index.php?rest_route=\/wp\/v2\/pages\/141"}],"collection":[{"href":"https:\/\/s2-montbrison.com\/index.php?rest_route=\/wp\/v2\/pages"}],"about":[{"href":"https:\/\/s2-montbrison.com\/index.php?rest_route=\/wp\/v2\/types\/page"}],"author":[{"embeddable":true,"href":"https:\/\/s2-montbrison.com\/index.php?rest_route=\/wp\/v2\/users\/1"}],"replies":[{"embeddable":true,"href":"https:\/\/s2-montbrison.com\/index.php?rest_route=%2Fwp%2Fv2%2Fcomments&post=141"}],"version-history":[{"count":1,"href":"https:\/\/s2-montbrison.com\/index.php?rest_route=\/wp\/v2\/pages\/141\/revisions"}],"predecessor-version":[{"id":142,"href":"https:\/\/s2-montbrison.com\/index.php?rest_route=\/wp\/v2\/pages\/141\/revisions\/142"}],"wp:attachment":[{"href":"https:\/\/s2-montbrison.com\/index.php?rest_route=%2Fwp%2Fv2%2Fmedia&parent=141"}],"curies":[{"name":"wp","href":"https:\/\/api.w.org\/{rel}","templated":true}]}}