{"id":95,"date":"2020-05-19T15:07:53","date_gmt":"2020-05-19T13:07:53","guid":{"rendered":"http:\/\/s2-montbrison.com\/?page_id=95"},"modified":"2020-05-20T16:58:01","modified_gmt":"2020-05-20T14:58:01","slug":"collab","status":"publish","type":"page","link":"https:\/\/s2-montbrison.com\/?page_id=95","title":{"rendered":"Collab"},"content":{"rendered":"<div id=\"tdi_1\" class=\"tdc-zone\"><div class=\"tdc_zone tdi_2  wpb_row td-pb-row\"  >\n<style scoped>\n\n\/* custom css *\/\n.tdi_2{\r\n                    min-height: 0;\r\n                }\n<\/style><div id=\"tdi_3\" class=\"tdc-row\"><div class=\"vc_row tdi_4  wpb_row td-pb-row\" >\n<style scoped>\n\n\/* custom css *\/\n.tdi_4,\r\n                .tdi_4 .tdc-columns{\r\n                    min-height: 0;\r\n                }.tdi_4,\r\n\t\t\t\t.tdi_4 .tdc-columns{\r\n\t\t\t\t    display: block;\r\n\t\t\t\t}.tdi_4 .tdc-columns{\r\n\t\t\t\t    width: 100%;\r\n\t\t\t\t}\n<\/style><div class=\"vc_column tdi_6  wpb_column vc_column_container tdc-column td-pb-span12\">\n<style scoped>\n\n\/* custom css *\/\n.tdi_6{\r\n                    vertical-align: baseline;\r\n                }.tdi_6 > .wpb_wrapper,\r\n\t\t\t\t.tdi_6 > .wpb_wrapper > .tdc-elements{\r\n\t\t\t\t    display: block;\r\n\t\t\t\t}.tdi_6 > .wpb_wrapper > .tdc-elements{\r\n\t\t\t\t    width: 100%;\r\n\t\t\t\t}.tdi_6 > .wpb_wrapper > .vc_row_inner{\r\n\t\t\t\t    width: auto;\r\n\t\t\t\t}.tdi_6 > .wpb_wrapper{\r\n\t\t\t\t    width: auto;\r\n\t\t\t\t    height: auto;\r\n\t\t\t\t}\n<\/style><div class=\"wpb_wrapper\" ><div class=\"td_block_wrap td_block_text_with_title tdi_7 tagdiv-type td-pb-border-top td_block_template_1\"  data-td-block-uid=\"tdi_7\" >\n<style>\n.td-theme-wrap .tdi_7 .block-title > * {\r\n                color: #000000;\r\n            }\n<\/style>\n<style>\n\/* custom css *\/\n.td_block_text_with_title{\r\n                  margin-bottom: 44px;\r\n                  -webkit-transform: translateZ(0);\r\n                  transform: translateZ(0);\r\n                }.td_block_text_with_title p:last-child{\r\n                  margin-bottom: 0;\r\n                }.tdi_7 h4{\r\n\t\t\t        font-family:hurmegeometricsans1_bold-webfont !important;font-size:25px !important;line-height:1 !important;font-weight:900 !important;\r\n\t\t        }.tdi_7{\r\n\t\t\t        color: #ffffff;\r\n\t\t        }\n<\/style><div class=\"td-block-title-wrap\"><h4 class=\"block-title td-block-title\"><span class=\"td-pulldown-size\">NOS COLLABS<\/span><\/h4><\/div><div class=\"td_mod_wrap td-fix-index\"><p>Notre souhait est de m\u00e9langer les meilleurs savoir-faire locaux pour r\u00e9ussir les plus belles collaborations : Tournaire, Beauregard, Foreztival,&#8230; Restez connect\u00e9s, d&rsquo;autres collaborations vont arriver !<\/p>\n<\/div><\/div><div class=\"td_block_wrap td_flex_block_1 tdi_8 td-pb-border-top td_block_template_1 td_flex_block\"  data-td-block-uid=\"tdi_8\" >\n<style>\n\/* custom css *\/\n.tdi_8 .entry-thumb{\r\n\t\t\t\t\tbackground-position: center 50%;\r\n\t\t\t\t}.tdi_8 .td-module-container{\r\n\t\t\t\t\tflex-direction: column;\r\n\t\t\t\t\r\n\t\t\t\t    border-color: #eaeaea !important;\r\n\t\t\t\t}.tdi_8 .td-image-container{\r\n                \tdisplay: block; order: 0;\r\n                }.ie10 .tdi_8 .td-module-meta-info,\r\n\t\t\t\t.ie11 .tdi_8 .td-module-meta-info{\r\n\t\t\t\t \tflex: auto;\r\n\t\t\t    }body .tdi_8 .td-favorite{\r\n                    font-size: 36px;\r\n                \r\n                    box-shadow:  1px 1px 4px 0px rgba(0, 0, 0, 0.2);\r\n                }.tdi_8 .td-module-meta-info{\r\n\t\t\t\t\tborder-color: #eaeaea;\r\n\t\t\t\t}.tdi_8 .td_module_wrap{\r\n\t\t\t\t\twidth: 33.33333333%;\r\n\t\t\t\t\tfloat: left;\r\n\t\t\t\t\r\n\t\t\t\t\tpadding-left: 20px;\r\n\t\t\t\t\tpadding-right: 20px;\r\n\t\t\t\t\r\n\t\t\t\t\tpadding-bottom: 18px;\r\n\t\t\t\t\tmargin-bottom: 18px;\r\n\t\t\t\t}.rtl .tdi_8 .td_module_wrap{\r\n\t\t\t\t\tfloat: right;\r\n\t\t\t\t}.tdi_8 .td_block_inner{\r\n\t\t\t\t\tmargin-left: -20px;\r\n\t\t\t\t\tmargin-right: -20px;\r\n\t\t\t\t}.tdi_8 .td-module-container:before{\r\n\t\t\t\t\tbottom: -18px;\r\n\t\t\t\t\r\n\t\t\t\t\tborder-color: #eaeaea;\r\n\t\t\t\t}.tdi_8 .td-post-vid-time{\r\n\t\t\t\t\tdisplay: block;\r\n\t\t\t\t}.tdi_8 .td-post-category:not(.td-post-extra-category){\r\n\t\t\t\t\tdisplay: none;\r\n\t\t\t\t}.tdi_8 .td-author-photo .avatar{\r\n\t\t\t\t    width: 20px;\r\n\t\t\t\t    height: 20px;\r\n\t\t\t\t\r\n\t\t\t\t    margin-right: 6px;\r\n\t\t\t\t\r\n\t\t\t\t    border-radius: 50%;\r\n\t\t\t\t}.tdi_8 .td-excerpt{\r\n\t\t\t\t\tdisplay: block;\r\n\t\t\t\t\r\n\t\t\t\t\tcolumn-count: 1;\r\n\t\t\t\t\r\n\t\t\t\t\tcolumn-gap: 48px;\r\n\t\t\t\t}.tdi_8 .td-audio-player{\r\n\t\t\t\t\topacity: 0;\r\n\t\t\t\t\tvisibility: hidden;\r\n\t\t\t\t\theight: 0;\r\n\t\t\t\t\r\n\t\t\t\t\tfont-size: 13px;\r\n\t\t\t\t}.tdi_8 .td-read-more{\r\n\t\t\t\t\tdisplay: none;\r\n\t\t\t\t}.tdi_8 .td-author-date{\r\n\t\t\t\t\tdisplay: inline;\r\n\t\t\t\t}.tdi_8 .td-post-author-name{\r\n\t\t\t\t\tdisplay: none;\r\n\t\t\t\t}.tdi_8 .td-post-date,\r\n\t\t\t\t.tdi_8 .td-post-author-name span{\r\n\t\t\t\t\tdisplay: none;\r\n\t\t\t\t}.tdi_8 .entry-review-stars{\r\n\t\t\t\t\tdisplay: none;\r\n\t\t\t\t}.tdi_8 .td-icon-star,\r\n                .tdi_8 .td-icon-star-empty,\r\n                .tdi_8 .td-icon-star-half{\r\n\t\t\t\t\tfont-size: 15px;\r\n\t\t\t\t}.tdi_8 .td-module-comments{\r\n\t\t\t\t\tdisplay: block;\r\n\t\t\t\t}.tdi_8 .td_module_wrap:nth-child(3n+1){\r\n\t\t\t\t\tclear: both;\r\n\t\t\t\t}.tdi_8 .td_module_wrap:nth-last-child(-n+3){\r\n\t\t\t\t\tmargin-bottom: 0;\r\n\t\t\t\t\tpadding-bottom: 0;\r\n\t\t\t\t}.tdi_8 .td_module_wrap:nth-last-child(-n+3) .td-module-container:before{\r\n\t\t\t\t\tdisplay: none;\r\n\t\t\t\t}.tdi_8 .td-module-title a{\r\n\t\t\t\t\tcolor: #f9dc00;\r\n\t\t\t\t}html:not([class*='ie']) .tdi_8 .td-module-container:hover .entry-thumb:before{\r\n                    opacity: 0;\r\n                }\n\n\/* landscape *\/\n@media (min-width: 1019px) and (max-width: 1140px){\n.tdi_8 .td_module_wrap{\r\n\t\t\t\t\tpadding-bottom: 18px;\r\n\t\t\t\t\tmargin-bottom: 18px;\r\n\t\t\t\t\r\n\t\t\t\t\tclear: none !important;\r\n\t\t\t\t\r\n\t\t\t\t\tpadding-bottom: 18px !important;\r\n\t\t\t\t\tmargin-bottom: 18px !important;\r\n\t\t\t\t}.tdi_8 .td-module-container:before{\r\n\t\t\t\t\tbottom: -18px;\r\n\t\t\t\t}.tdi_8 .td_module_wrap:nth-child(3n+1){\r\n\t\t\t\t\tclear: both !important;\r\n\t\t\t\t}.tdi_8 .td_module_wrap:nth-last-child(-n+3){\r\n\t\t\t\t\tmargin-bottom: 0 !important;\r\n\t\t\t\t\tpadding-bottom: 0 !important;\r\n\t\t\t\t}.tdi_8 .td_module_wrap .td-module-container:before{\r\n\t\t\t\t\tdisplay: block !important;\r\n\t\t\t\t}.tdi_8 .td_module_wrap:nth-last-child(-n+3) .td-module-container:before{\r\n\t\t\t\t\tdisplay: none !important;\r\n\t\t\t\t}\n}\n\n\/* portrait *\/\n@media (min-width: 768px) and (max-width: 1018px){\n.tdi_8 .td_module_wrap{\r\n\t\t\t\t\tpadding-bottom: 18px;\r\n\t\t\t\t\tmargin-bottom: 18px;\r\n\t\t\t\t\r\n\t\t\t\t\tclear: none !important;\r\n\t\t\t\t\r\n\t\t\t\t\tpadding-bottom: 18px !important;\r\n\t\t\t\t\tmargin-bottom: 18px !important;\r\n\t\t\t\t}.tdi_8 .td-module-container:before{\r\n\t\t\t\t\tbottom: -18px;\r\n\t\t\t\t}.tdi_8 .td_module_wrap:nth-child(3n+1){\r\n\t\t\t\t\tclear: both !important;\r\n\t\t\t\t}.tdi_8 .td_module_wrap:nth-last-child(-n+3){\r\n\t\t\t\t\tmargin-bottom: 0 !important;\r\n\t\t\t\t\tpadding-bottom: 0 !important;\r\n\t\t\t\t}.tdi_8 .td_module_wrap .td-module-container:before{\r\n\t\t\t\t\tdisplay: block !important;\r\n\t\t\t\t}.tdi_8 .td_module_wrap:nth-last-child(-n+3) .td-module-container:before{\r\n\t\t\t\t\tdisplay: none !important;\r\n\t\t\t\t}\n}\n\n\/* phone *\/\n@media (max-width: 767px){\n.tdi_8 .td_module_wrap{\r\n\t\t\t\t\tpadding-bottom: 18px;\r\n\t\t\t\t\tmargin-bottom: 18px;\r\n\t\t\t\t\r\n\t\t\t\t\tclear: none !important;\r\n\t\t\t\t\r\n\t\t\t\t\tpadding-bottom: 18px !important;\r\n\t\t\t\t\tmargin-bottom: 18px !important;\r\n\t\t\t\t}.tdi_8 .td-module-container:before{\r\n\t\t\t\t\tbottom: -18px;\r\n\t\t\t\t}.tdi_8 .td_module_wrap:nth-child(3n+1){\r\n\t\t\t\t\tclear: both !important;\r\n\t\t\t\t}.tdi_8 .td_module_wrap:nth-last-child(-n+3){\r\n\t\t\t\t\tmargin-bottom: 0 !important;\r\n\t\t\t\t\tpadding-bottom: 0 !important;\r\n\t\t\t\t}.tdi_8 .td_module_wrap .td-module-container:before{\r\n\t\t\t\t\tdisplay: block !important;\r\n\t\t\t\t}.tdi_8 .td_module_wrap:nth-last-child(-n+3) .td-module-container:before{\r\n\t\t\t\t\tdisplay: none !important;\r\n\t\t\t\t}\n}\n<\/style><script>var block_tdi_8 = new tdBlock();\nblock_tdi_8.id = \"tdi_8\";\nblock_tdi_8.atts = '{\"modules_on_row\":\"33.33333333%\",\"limit\":\"100\",\"hide_audio\":\"yes\",\"category_id\":\"8\",\"show_btn\":\"none\",\"show_date\":\"none\",\"show_review\":\"none\",\"show_author\":\"none\",\"show_cat\":\"none\",\"show_audio\":\"none\",\"title_txt\":\"#f9dc00\",\"modules_category\":\"image\",\"block_type\":\"td_flex_block_1\",\"separator\":\"\",\"custom_title\":\"\",\"custom_url\":\"\",\"block_template_id\":\"\",\"title_tag\":\"\",\"mc1_tl\":\"\",\"mc1_title_tag\":\"\",\"mc1_el\":\"\",\"post_ids\":\"\",\"taxonomies\":\"\",\"category_ids\":\"\",\"in_all_terms\":\"\",\"tag_slug\":\"\",\"autors_id\":\"\",\"installed_post_types\":\"\",\"include_cf_posts\":\"\",\"exclude_cf_posts\":\"\",\"sort\":\"\",\"linked_posts\":\"\",\"favourite_only\":\"\",\"offset\":\"\",\"open_in_new_window\":\"\",\"show_modified_date\":\"\",\"time_ago\":\"\",\"time_ago_add_txt\":\"ago\",\"time_ago_txt_pos\":\"\",\"el_class\":\"\",\"td_query_cache\":\"\",\"td_query_cache_expiration\":\"\",\"td_ajax_filter_type\":\"\",\"td_ajax_filter_ids\":\"\",\"td_filter_default_txt\":\"All\",\"td_ajax_preloading\":\"\",\"container_width\":\"\",\"modules_gap\":\"\",\"m_padding\":\"\",\"all_modules_space\":\"36\",\"modules_border_size\":\"\",\"modules_border_style\":\"\",\"modules_border_color\":\"#eaeaea\",\"modules_border_radius\":\"\",\"modules_divider\":\"\",\"modules_divider_color\":\"#eaeaea\",\"h_effect\":\"\",\"image_size\":\"\",\"image_alignment\":\"50\",\"image_height\":\"\",\"image_width\":\"\",\"image_floated\":\"no_float\",\"image_radius\":\"\",\"hide_image\":\"\",\"show_favourites\":\"\",\"fav_size\":\"2\",\"fav_space\":\"\",\"fav_ico_color\":\"\",\"fav_ico_color_h\":\"\",\"fav_bg\":\"\",\"fav_bg_h\":\"\",\"fav_shadow_shadow_header\":\"\",\"fav_shadow_shadow_title\":\"Shadow\",\"fav_shadow_shadow_size\":\"\",\"fav_shadow_shadow_offset_horizontal\":\"\",\"fav_shadow_shadow_offset_vertical\":\"\",\"fav_shadow_shadow_spread\":\"\",\"fav_shadow_shadow_color\":\"\",\"video_icon\":\"\",\"video_popup\":\"yes\",\"video_rec\":\"\",\"spot_header\":\"\",\"video_rec_title\":\"\",\"video_rec_color\":\"\",\"video_rec_disable\":\"\",\"autoplay_vid\":\"yes\",\"show_vid_t\":\"block\",\"vid_t_margin\":\"\",\"vid_t_padding\":\"\",\"video_title_color\":\"\",\"video_title_color_h\":\"\",\"video_bg\":\"\",\"video_overlay\":\"\",\"vid_t_color\":\"\",\"vid_t_bg_color\":\"\",\"f_vid_title_font_header\":\"\",\"f_vid_title_font_title\":\"Video pop-up article title\",\"f_vid_title_font_settings\":\"\",\"f_vid_title_font_family\":\"\",\"f_vid_title_font_size\":\"\",\"f_vid_title_font_line_height\":\"\",\"f_vid_title_font_style\":\"\",\"f_vid_title_font_weight\":\"\",\"f_vid_title_font_transform\":\"\",\"f_vid_title_font_spacing\":\"\",\"f_vid_title_\":\"\",\"f_vid_time_font_title\":\"Video duration text\",\"f_vid_time_font_settings\":\"\",\"f_vid_time_font_family\":\"\",\"f_vid_time_font_size\":\"\",\"f_vid_time_font_line_height\":\"\",\"f_vid_time_font_style\":\"\",\"f_vid_time_font_weight\":\"\",\"f_vid_time_font_transform\":\"\",\"f_vid_time_font_spacing\":\"\",\"f_vid_time_\":\"\",\"meta_info_align\":\"\",\"meta_info_horiz\":\"layout-default\",\"meta_width\":\"\",\"meta_margin\":\"\",\"meta_padding\":\"\",\"meta_space\":\"\",\"art_title\":\"\",\"art_btn\":\"\",\"meta_info_border_size\":\"\",\"meta_info_border_style\":\"\",\"meta_info_border_color\":\"#eaeaea\",\"meta_info_border_radius\":\"\",\"modules_category_margin\":\"\",\"modules_category_padding\":\"\",\"modules_cat_border\":\"\",\"modules_category_radius\":\"0\",\"modules_extra_cat\":\"\",\"author_photo\":\"\",\"author_photo_size\":\"\",\"author_photo_space\":\"\",\"author_photo_radius\":\"\",\"show_com\":\"block\",\"review_space\":\"\",\"review_size\":\"2.5\",\"review_distance\":\"\",\"show_excerpt\":\"block\",\"art_excerpt\":\"\",\"excerpt_col\":\"1\",\"excerpt_gap\":\"\",\"excerpt_middle\":\"\",\"excerpt_inline\":\"\",\"art_audio\":\"\",\"art_audio_size\":\"1.5\",\"btn_title\":\"\",\"btn_margin\":\"\",\"btn_padding\":\"\",\"btn_border_width\":\"\",\"btn_radius\":\"\",\"pag_space\":\"\",\"pag_padding\":\"\",\"pag_border_width\":\"\",\"pag_border_radius\":\"\",\"prev_tdicon\":\"\",\"next_tdicon\":\"\",\"pag_icons_size\":\"\",\"f_header_font_header\":\"\",\"f_header_font_title\":\"Block header\",\"f_header_font_settings\":\"\",\"f_header_font_family\":\"\",\"f_header_font_size\":\"\",\"f_header_font_line_height\":\"\",\"f_header_font_style\":\"\",\"f_header_font_weight\":\"\",\"f_header_font_transform\":\"\",\"f_header_font_spacing\":\"\",\"f_header_\":\"\",\"f_ajax_font_title\":\"Ajax categories\",\"f_ajax_font_settings\":\"\",\"f_ajax_font_family\":\"\",\"f_ajax_font_size\":\"\",\"f_ajax_font_line_height\":\"\",\"f_ajax_font_style\":\"\",\"f_ajax_font_weight\":\"\",\"f_ajax_font_transform\":\"\",\"f_ajax_font_spacing\":\"\",\"f_ajax_\":\"\",\"f_more_font_title\":\"Load more button\",\"f_more_font_settings\":\"\",\"f_more_font_family\":\"\",\"f_more_font_size\":\"\",\"f_more_font_line_height\":\"\",\"f_more_font_style\":\"\",\"f_more_font_weight\":\"\",\"f_more_font_transform\":\"\",\"f_more_font_spacing\":\"\",\"f_more_\":\"\",\"f_title_font_header\":\"\",\"f_title_font_title\":\"Article title\",\"f_title_font_settings\":\"\",\"f_title_font_family\":\"\",\"f_title_font_size\":\"\",\"f_title_font_line_height\":\"\",\"f_title_font_style\":\"\",\"f_title_font_weight\":\"\",\"f_title_font_transform\":\"\",\"f_title_font_spacing\":\"\",\"f_title_\":\"\",\"f_cat_font_title\":\"Article category tag\",\"f_cat_font_settings\":\"\",\"f_cat_font_family\":\"\",\"f_cat_font_size\":\"\",\"f_cat_font_line_height\":\"\",\"f_cat_font_style\":\"\",\"f_cat_font_weight\":\"\",\"f_cat_font_transform\":\"\",\"f_cat_font_spacing\":\"\",\"f_cat_\":\"\",\"f_meta_font_title\":\"Article meta info\",\"f_meta_font_settings\":\"\",\"f_meta_font_family\":\"\",\"f_meta_font_size\":\"\",\"f_meta_font_line_height\":\"\",\"f_meta_font_style\":\"\",\"f_meta_font_weight\":\"\",\"f_meta_font_transform\":\"\",\"f_meta_font_spacing\":\"\",\"f_meta_\":\"\",\"f_ex_font_title\":\"Article excerpt\",\"f_ex_font_settings\":\"\",\"f_ex_font_family\":\"\",\"f_ex_font_size\":\"\",\"f_ex_font_line_height\":\"\",\"f_ex_font_style\":\"\",\"f_ex_font_weight\":\"\",\"f_ex_font_transform\":\"\",\"f_ex_font_spacing\":\"\",\"f_ex_\":\"\",\"f_btn_font_title\":\"Article read more button\",\"f_btn_font_settings\":\"\",\"f_btn_font_family\":\"\",\"f_btn_font_size\":\"\",\"f_btn_font_line_height\":\"\",\"f_btn_font_style\":\"\",\"f_btn_font_weight\":\"\",\"f_btn_font_transform\":\"\",\"f_btn_font_spacing\":\"\",\"f_btn_\":\"\",\"mix_color\":\"\",\"mix_type\":\"\",\"fe_brightness\":\"1\",\"fe_contrast\":\"1\",\"fe_saturate\":\"1\",\"mix_color_h\":\"\",\"mix_type_h\":\"\",\"fe_brightness_h\":\"1\",\"fe_contrast_h\":\"1\",\"fe_saturate_h\":\"1\",\"m_bg\":\"\",\"color_overlay\":\"\",\"shadow_shadow_header\":\"\",\"shadow_shadow_title\":\"Module Shadow\",\"shadow_shadow_size\":\"\",\"shadow_shadow_offset_horizontal\":\"\",\"shadow_shadow_offset_vertical\":\"\",\"shadow_shadow_spread\":\"\",\"shadow_shadow_color\":\"\",\"title_txt_hover\":\"\",\"all_underline_height\":\"\",\"all_underline_color\":\"\",\"cat_bg\":\"\",\"cat_bg_hover\":\"\",\"cat_txt\":\"\",\"cat_txt_hover\":\"\",\"cat_border\":\"\",\"cat_border_hover\":\"\",\"meta_bg\":\"\",\"author_txt\":\"\",\"author_txt_hover\":\"\",\"date_txt\":\"\",\"ex_txt\":\"\",\"com_bg\":\"\",\"com_txt\":\"\",\"rev_txt\":\"\",\"audio_btn_color\":\"\",\"audio_time_color\":\"\",\"audio_bar_color\":\"\",\"audio_bar_curr_color\":\"\",\"shadow_m_shadow_header\":\"\",\"shadow_m_shadow_title\":\"Meta info shadow\",\"shadow_m_shadow_size\":\"\",\"shadow_m_shadow_offset_horizontal\":\"\",\"shadow_m_shadow_offset_vertical\":\"\",\"shadow_m_shadow_spread\":\"\",\"shadow_m_shadow_color\":\"\",\"btn_bg\":\"\",\"btn_bg_hover\":\"\",\"btn_txt\":\"\",\"btn_txt_hover\":\"\",\"btn_border\":\"\",\"btn_border_hover\":\"\",\"pag_text\":\"\",\"pag_h_text\":\"\",\"pag_bg\":\"\",\"pag_h_bg\":\"\",\"pag_border\":\"\",\"pag_h_border\":\"\",\"ajax_pagination\":\"\",\"ajax_pagination_next_prev_swipe\":\"\",\"ajax_pagination_infinite_stop\":\"\",\"css\":\"\",\"tdc_css\":\"\",\"td_column_number\":3,\"header_color\":\"\",\"color_preset\":\"\",\"border_top\":\"\",\"class\":\"tdi_8\",\"tdc_css_class\":\"tdi_8\",\"tdc_css_class_style\":\"tdi_8_rand_style\"}';\nblock_tdi_8.td_column_number = \"3\";\nblock_tdi_8.block_type = \"td_flex_block_1\";\nblock_tdi_8.post_count = \"4\";\nblock_tdi_8.found_posts = \"4\";\nblock_tdi_8.header_color = \"\";\nblock_tdi_8.ajax_pagination_infinite_stop = \"\";\nblock_tdi_8.max_num_pages = \"1\";\ntdBlocksArray.push(block_tdi_8);\n<\/script><div class=\"td-block-title-wrap\"><\/div><div id=tdi_8 class=\"td_block_inner td-mc1-wrap\">\r\n        <div class=\"td_module_flex td_module_flex_1 td_module_wrap td-animation-stack td-meta-info-hide td-cpt-post\">\r\n            <div class=\"td-module-container td-category-pos-image\">\r\n                                    <div class=\"td-image-container\">\r\n                                                <div class=\"td-module-thumb\"><a href=\"https:\/\/s2-montbrison.com\/?p=195\"  rel=\"bookmark\" class=\"td-image-wrap \" title=\"Air Force One x Tournaire\" ><span class=\"entry-thumb td-thumb-css\" data-type=\"css_image\" data-img-url=\"https:\/\/s2-montbrison.com\/wp-content\/uploads\/2020\/05\/79596673_2855288681364408_4883739443208388608_o-696x696.jpg\"  ><\/span><\/a><\/div>                                                                    <\/div>\r\n                \r\n                <div class=\"td-module-meta-info\">\r\n                                        \r\n                    <h3 class=\"entry-title td-module-title\"><a href=\"https:\/\/s2-montbrison.com\/?p=195\"  rel=\"bookmark\" title=\"Air Force One x Tournaire\">Air Force One x Tournaire<\/a><\/h3>\r\n                    \r\n                                            <div class=\"td-editor-date\">\r\n                                                        \r\n                                                            <span class=\"td-author-date\">\r\n                                                                                                                                                                                                                    <\/span>\r\n                                                    <\/div>\r\n                    \r\n                    <div class=\"td-excerpt\">\nQuelle beaut\u00e9 ! Le lancement de la nouvelle collaboration avec la maison Tournaire est un succ\u00e8s !\n\n\n\nA retrouver sur notre boutique en ligne !...<\/div>\r\n                    \r\n                                    <\/div>\r\n            <\/div>\r\n        <\/div>\r\n\r\n        \r\n        <div class=\"td_module_flex td_module_flex_1 td_module_wrap td-animation-stack td-meta-info-hide td-cpt-post\">\r\n            <div class=\"td-module-container td-category-pos-image\">\r\n                                    <div class=\"td-image-container\">\r\n                                                <div class=\"td-module-thumb\"><a href=\"https:\/\/s2-montbrison.com\/?p=181\"  rel=\"bookmark\" class=\"td-image-wrap \" title=\"Converse x Foreztival\" ><span class=\"entry-thumb td-thumb-css\" data-type=\"css_image\" data-img-url=\"https:\/\/s2-montbrison.com\/wp-content\/uploads\/2020\/05\/67062596_2702557233304221_1511243711214780416_o-696x697.jpg\"  ><\/span><\/a><\/div>                                                                    <\/div>\r\n                \r\n                <div class=\"td-module-meta-info\">\r\n                                        \r\n                    <h3 class=\"entry-title td-module-title\"><a href=\"https:\/\/s2-montbrison.com\/?p=181\"  rel=\"bookmark\" title=\"Converse x Foreztival\">Converse x Foreztival<\/a><\/h3>\r\n                    \r\n                                            <div class=\"td-editor-date\">\r\n                                                        \r\n                                                            <span class=\"td-author-date\">\r\n                                                                                                                                                                                                                    <\/span>\r\n                                                    <\/div>\r\n                    \r\n                    <div class=\"td-excerpt\">\nNotre boutique @s2montbrison adore ses collaborations 100% de talent local. Cette basket Converse &amp; Foreztival exclusive est id\u00e9ale pour passer vos soir\u00e9es sous les...<\/div>\r\n                    \r\n                                    <\/div>\r\n            <\/div>\r\n        <\/div>\r\n\r\n        \r\n        <div class=\"td_module_flex td_module_flex_1 td_module_wrap td-animation-stack td-meta-info-hide td-cpt-post\">\r\n            <div class=\"td-module-container td-category-pos-image\">\r\n                                    <div class=\"td-image-container\">\r\n                                                <div class=\"td-module-thumb\"><a href=\"https:\/\/s2-montbrison.com\/?p=174\"  rel=\"bookmark\" class=\"td-image-wrap \" title=\"Nike x Beauregard\" ><span class=\"entry-thumb td-thumb-css\" data-type=\"css_image\" data-img-url=\"https:\/\/s2-montbrison.com\/wp-content\/uploads\/2020\/05\/48392326_2535224533370826_6717574647627382784_o-696x392.jpg\"  ><\/span><\/a><\/div>                                                                    <\/div>\r\n                \r\n                <div class=\"td-module-meta-info\">\r\n                                        \r\n                    <h3 class=\"entry-title td-module-title\"><a href=\"https:\/\/s2-montbrison.com\/?p=174\"  rel=\"bookmark\" title=\"Nike x Beauregard\">Nike x Beauregard<\/a><\/h3>\r\n                    \r\n                                            <div class=\"td-editor-date\">\r\n                                                        \r\n                                                            <span class=\"td-author-date\">\r\n                                                                                                                                                                                                                    <\/span>\r\n                                                    <\/div>\r\n                    \r\n                    <div class=\"td-excerpt\">\nVotre boutique @S2montbrison a fait appel, pour une nouvelle collaboration, au Lyc\u00e9e de Beauregard, afin de personnaliser une basket blanche de la fameuse marque...<\/div>\r\n                    \r\n                                    <\/div>\r\n            <\/div>\r\n        <\/div>\r\n\r\n        \r\n        <div class=\"td_module_flex td_module_flex_1 td_module_wrap td-animation-stack td-meta-info-hide td-cpt-post\">\r\n            <div class=\"td-module-container td-category-pos-image\">\r\n                                    <div class=\"td-image-container\">\r\n                                                <div class=\"td-module-thumb\"><a href=\"https:\/\/s2-montbrison.com\/?p=162\"  rel=\"bookmark\" class=\"td-image-wrap \" title=\"Stan Smith x Tournaire\" ><span class=\"entry-thumb td-thumb-css\" data-type=\"css_image\" data-img-url=\"https:\/\/s2-montbrison.com\/wp-content\/uploads\/2020\/05\/41789649_2459607207599226_3179243854603747328_n.jpg\"  ><\/span><\/a><\/div>                                                                    <\/div>\r\n                \r\n                <div class=\"td-module-meta-info\">\r\n                                        \r\n                    <h3 class=\"entry-title td-module-title\"><a href=\"https:\/\/s2-montbrison.com\/?p=162\"  rel=\"bookmark\" title=\"Stan Smith x Tournaire\">Stan Smith x Tournaire<\/a><\/h3>\r\n                    \r\n                                            <div class=\"td-editor-date\">\r\n                                                        \r\n                                                            <span class=\"td-author-date\">\r\n                                                                                                                                                                                                                    <\/span>\r\n                                                    <\/div>\r\n                    \r\n                    <div class=\"td-excerpt\">\nEn exclusivit\u00e9 dans votre boutique S.2 Montbrison une Stan Smith X Tournaire ! \n\n\n\nFruit d&#039;un design pens\u00e9 par Mathieu Tournaire, de la collaboration d&#039;un...<\/div>\r\n                    \r\n                                    <\/div>\r\n            <\/div>\r\n        <\/div>\r\n\r\n        <\/div><\/div><\/div><\/div><\/div><\/div><div id=\"tdi_9\" class=\"tdc-row stretch_row_content td-stretch-content\"><div class=\"vc_row tdi_10  wpb_row td-pb-row\" >\n<style scoped>\n\n\/* custom css *\/\n.tdi_10,\r\n                .tdi_10 .tdc-columns{\r\n                    min-height: 0;\r\n                }.tdi_10,\r\n\t\t\t\t.tdi_10 .tdc-columns{\r\n\t\t\t\t    display: block;\r\n\t\t\t\t}.tdi_10 .tdc-columns{\r\n\t\t\t\t    width: 100%;\r\n\t\t\t\t}\n<\/style><div class=\"vc_column tdi_12  wpb_column vc_column_container tdc-column td-pb-span12\">\n<style scoped>\n\n\/* custom css *\/\n.tdi_12{\r\n                    vertical-align: baseline;\r\n                }.tdi_12 > .wpb_wrapper,\r\n\t\t\t\t.tdi_12 > .wpb_wrapper > .tdc-elements{\r\n\t\t\t\t    display: block;\r\n\t\t\t\t}.tdi_12 > .wpb_wrapper > .tdc-elements{\r\n\t\t\t\t    width: 100%;\r\n\t\t\t\t}.tdi_12 > .wpb_wrapper > .vc_row_inner{\r\n\t\t\t\t    width: auto;\r\n\t\t\t\t}.tdi_12 > .wpb_wrapper{\r\n\t\t\t\t    width: auto;\r\n\t\t\t\t    height: auto;\r\n\t\t\t\t}\n<\/style><div class=\"wpb_wrapper\" ><\/div><\/div><\/div><\/div><\/div><\/div>","protected":false},"excerpt":{"rendered":"","protected":false},"author":1,"featured_media":0,"parent":0,"menu_order":0,"comment_status":"closed","ping_status":"closed","template":"","meta":[],"publishpress_future_action":{"enabled":false,"date":"2026-04-22 06:49:01","action":"draft","terms":[],"taxonomy":""},"_links":{"self":[{"href":"https:\/\/s2-montbrison.com\/index.php?rest_route=\/wp\/v2\/pages\/95"}],"collection":[{"href":"https:\/\/s2-montbrison.com\/index.php?rest_route=\/wp\/v2\/pages"}],"about":[{"href":"https:\/\/s2-montbrison.com\/index.php?rest_route=\/wp\/v2\/types\/page"}],"author":[{"embeddable":true,"href":"https:\/\/s2-montbrison.com\/index.php?rest_route=\/wp\/v2\/users\/1"}],"replies":[{"embeddable":true,"href":"https:\/\/s2-montbrison.com\/index.php?rest_route=%2Fwp%2Fv2%2Fcomments&post=95"}],"version-history":[{"count":2,"href":"https:\/\/s2-montbrison.com\/index.php?rest_route=\/wp\/v2\/pages\/95\/revisions"}],"predecessor-version":[{"id":199,"href":"https:\/\/s2-montbrison.com\/index.php?rest_route=\/wp\/v2\/pages\/95\/revisions\/199"}],"wp:attachment":[{"href":"https:\/\/s2-montbrison.com\/index.php?rest_route=%2Fwp%2Fv2%2Fmedia&parent=95"}],"curies":[{"name":"wp","href":"https:\/\/api.w.org\/{rel}","templated":true}]}}